{"id":1546,"date":"2025-01-16T16:49:41","date_gmt":"2025-01-16T15:49:41","guid":{"rendered":"https:\/\/gptq3.probar.com.es\/?page_id=1546"},"modified":"2026-01-29T10:51:42","modified_gmt":"2026-01-29T09:51:42","slug":"politica-de-cookies","status":"publish","type":"page","link":"https:\/\/www.qurare.eu\/en\/politica-de-cookies\/","title":{"rendered":"Cookie Policy"},"content":{"rendered":"<div data-elementor-type=\"wp-page\" data-elementor-id=\"1546\" class=\"elementor elementor-1546\" data-elementor-post-type=\"page\">\n\t\t\t\t<div class=\"elementor-element elementor-element-ad39ddc e-con-full e-flex e-con e-parent\" data-id=\"ad39ddc\" data-element_type=\"container\" data-settings=\"{&quot;background_background&quot;:&quot;classic&quot;}\">\n\t\t<div class=\"elementor-element elementor-element-10e335d e-con-full e-flex e-con e-child\" data-id=\"10e335d\" data-element_type=\"container\" data-settings=\"{&quot;background_background&quot;:&quot;classic&quot;}\">\n\t\t<div class=\"elementor-element elementor-element-6299c7e e-con-full e-flex e-con e-child\" data-id=\"6299c7e\" data-element_type=\"container\">\n\t\t<div class=\"elementor-element elementor-element-71dfb0b e-con-full e-flex e-con e-child\" data-id=\"71dfb0b\" data-element_type=\"container\">\n\t\t\t\t<div class=\"elementor-element elementor-element-e4996b3 elementor-widget__width-inherit elementor-widget-tablet__width-inherit elementor-widget-mobile__width-inherit elementor-invisible elementor-widget elementor-widget-heading\" data-id=\"e4996b3\" data-element_type=\"widget\" data-settings=\"{&quot;_animation&quot;:&quot;fadeInDown&quot;,&quot;_animation_delay&quot;:200}\" data-widget_type=\"heading.default\">\n\t\t\t\t<div class=\"elementor-widget-container\">\n\t\t\t\t\t<h2 class=\"elementor-heading-title elementor-size-default\">Cookie Policy<\/h2>\t\t\t\t<\/div>\n\t\t\t\t<\/div>\n\t\t\t\t<\/div>\n\t\t<div class=\"elementor-element elementor-element-ee2a75a e-con-full animated-slow e-flex elementor-invisible e-con e-child\" data-id=\"ee2a75a\" data-element_type=\"container\" data-settings=\"{&quot;animation&quot;:&quot;fadeInLeft&quot;,&quot;animation_delay&quot;:600}\">\n\t\t\t\t<div class=\"elementor-element elementor-element-de82230 elementor-widget__width-inherit elementor-widget elementor-widget-text-editor\" data-id=\"de82230\" data-element_type=\"widget\" data-widget_type=\"text-editor.default\">\n\t\t\t\t<div class=\"elementor-widget-container\">\n\t\t\t\t\t\t\t\t\t<p><strong>QUI\u00c9NES SOMOS:<br \/><\/strong><strong>Razon social: <\/strong>JOSEP BALLESTER SOLER<br \/><strong>Direcci\u00f3n:<\/strong> C\/ Dr. SEVERO OCHOA N\u00ba.3 Bloque IV Portal 2 2\u00baB<br \/>03550 SAN JUAN DE ALICANTE &#8211; ALICANTE<br \/><strong>CIF | NIF:<\/strong> 46040670Y<br \/><strong>Email:<\/strong> info@qurare.eu<\/p><p><strong>ENLACES INTERNOS:<\/strong><br \/>En Qurare utilizamos cookies estrictamente necesarias y de anal\u00edtica web para medir y analizar la navegaci\u00f3n de los usuarios en nuestra p\u00e1gina web. Una cookie es un fichero que se descarga en su ordenador al acceder a determinadas p\u00e1ginas web. Las cookies permiten a una p\u00e1gina web, entre otras cosas, almacenar y recuperar informaci\u00f3n sobre los h\u00e1bitos de navegaci\u00f3n de un usuario o de su equipo y, dependiendo de la informaci\u00f3n que contengan y de la forma en que utilice su equipo, pueden utilizarse para reconocer al usuario. Las cookies de anal\u00edtica son aqu\u00e9llas que, bien tratadas por nosotros o por terceros, tienen la finalidad de cuantificar el n\u00famero de visitantes y analizar estad\u00edsticamente la utilizaci\u00f3n que hacen los usuarios de nuestros servicios. Gracias a ello podemos estudiar la navegaci\u00f3n por nuestra p\u00e1gina web, y mejorar as\u00ed la oferta de productos o servicios que te ofrecemos. A trav\u00e9s de la anal\u00edtica web no obtenemos informaci\u00f3n sobre tu nombre, apellidos o tu direcci\u00f3n de correo electr\u00f3nico o postal. La informaci\u00f3n que obtenemos es la relativa al n\u00famero de usuarios que acceden a la web, el n\u00famero de p\u00e1ginas vistas, la frecuencia y repetici\u00f3n de las visitas, su duraci\u00f3n, el navegador que utilizas, el operador que te presta el servicio, tu idioma, el terminal que utilizas o la ciudad a la que est\u00e1 asignada tu direcci\u00f3n IP. Puede gestionar el uso de cookies a trav\u00e9s del navegador instalado en su ordenador. En los enlaces que encontrar\u00e1 a continuaci\u00f3n puede saber m\u00e1s sobre qu\u00e9 cookies tiene instaladas, permitir su instalaci\u00f3n, bloquearlas o eliminarlas de su equipo. Dependiendo de qu\u00e9 navegador utilice, puede seguir alguno de los siguientes enlaces:<br \/>Firefox, Chrome, Safari, Opera, Internet Explorer, iOS, Android.<\/p><p><strong>EXTERNAL LINKS:<\/strong><br \/>Las p\u00e1ginas de la web https:\/\/www.qurare.eu proporcionan enlaces a nuestras redes sociales (FACEBOOK, INSTAGRAM Y X). El \u00fanico objeto de los enlaces es proporcionar al usuario la posibilidad de acceder a dichos enlaces. Qurare no se responsabiliza en ning\u00fan caso de los resultados que puedan derivarse al usuario por acceso a dichos enlaces. El usuario que se proponga establecer cualquier dispositivo t\u00e9cnico de enlace desde su sitio web al portal <a href=\"https:\/\/www.qurare.eu\/en\/\">https:\/\/www.qurare.eu<\/a> deber\u00e1 obtener la autorizaci\u00f3n previa y escrita de Qurare. El establecimiento del enlace no implica en ning\u00fan caso la existencia de relaciones entre Qurare y el propietario del sitio en el que se establezca el enlace, ni la aceptaci\u00f3n o aprobaci\u00f3n por parte de Rosillo Tools de sus contenidos o servicios.<\/p><p><strong>EXCLUSION OF WARRANTIES AND LIABILITY:<\/strong><br \/>Qurare no otorga ninguna garant\u00eda ni se hace responsable, en ning\u00fan caso, de los da\u00f1os y perjuicios de cualquier naturaleza que pudieran traer causa de: La falta de disponibilidad, mantenimiento y efectivo funcionamiento de la web o de sus servicios y contenidos; La existencia de malware, programas maliciosos o lesivos en los contenidos; El uso il\u00edcito, negligente, fraudulento o contrario a este Aviso Legal; La falta de licitud, calidad, fiabilidad, utilidad y disponibilidad de los servicios prestados por terceros y puestos a disposici\u00f3n de los usuarios en el sitio web. Rosillo Tools no se hace responsable bajo ning\u00fan concepto de los da\u00f1os que pudieran dimanar del uso ilegal o indebido de la presente p\u00e1gina web.<\/p><p><strong>TIPOS DE COOKIES <\/strong><\/p><p><strong>SEG\u00daN LA FINALIDAD:<\/strong><\/p><ul><li><strong>Cookies t\u00e9cnicas y funcionales<\/strong>: Son aquellas que permiten al usuario la navegaci\u00f3n a trav\u00e9s de una p\u00e1gina web, plataforma o aplicaci\u00f3n y la utilizaci\u00f3n de las diferentes opciones o servicios que en ella existan<em>.<\/em><\/li><li><strong>Cookies anal\u00edticas<\/strong>: Son aquellas que permiten al responsable de las mismas el seguimiento y an\u00e1lisis del comportamiento de los usuarios de los sitios web a los que est\u00e1n vinculadas. La informaci\u00f3n recogida mediante este tipo de cookies se utiliza en la medici\u00f3n de la actividad de los sitios web, aplicaci\u00f3n o plataforma y para la elaboraci\u00f3n de perfiles de navegaci\u00f3n de los usuarios de dichos sitios, aplicaciones y plataformas, con el fin de introducir mejoras en funci\u00f3n del an\u00e1lisis de los datos de uso que hacen los usuarios del servicio.<\/li><li><strong>Cookies de marketing o publicitarias<\/strong>: Son aquerllas que recogen informaci\u00f3n sobre elecciones personales y las preferencias de los usuarios.<\/li><li><strong>Cookies de redes sociales<\/strong>: Son aqu\u00e9llas que ofrecen la posibilidad de conectarse a las mismas y compartir contenidos con nosotros y otros usuarios de las redes y obtener informaci\u00f3n sobre el uso que haces de nuestras cuentas en redes sociales.<\/li><\/ul><p><strong>SEG\u00daN LA PROPIEDAD:<\/strong><\/p><ul><li><strong>cookies<\/strong><strong> propias<\/strong>: Son aquellas que se env\u00edan al equipo terminal del usuario desde un equipo o dominio gestionado por el propio editor y desde el que se presta el servicio solicitado por el usuario.<\/li><li><strong>cookies<\/strong> <strong>de terceros:<\/strong> Son aquellas que se env\u00edan al equipo terminal del usuario desde un equipo o dominio que no es gestionado por el editor, sino por otra entidad que trata los datos obtenidos trav\u00e9s de las cookies.<\/li><\/ul><p><strong>SEG\u00daN EL PLAZO DE CONSERVACI\u00d3N:<\/strong><\/p><ul><li><strong>cookies<\/strong><strong> de sesi\u00f3n:<\/strong> Son un tipo de cookies dise\u00f1adas para recabar y almacenar datos mientras el usuario accede a una p\u00e1gina web.<\/li><li><strong>cookies<\/strong><strong> persistentes:<\/strong> Son un tipo de cookies en el que los datos siguen almacenados en el terminal y pueden ser accedidos y tratados durante un per\u00edodo definido por el responsable de la <em>cookie<\/em>, y que puede ir de unos minutos a varios a\u00f1os.<\/li><\/ul><p><strong>REVOCACI\u00d3N DEL CONSENTIMIENTO PARA INSTALAR COOKIES<\/strong><\/p><p><strong>COMO ELIMINAR LAS COOKIES DEL NAVEGADOR<\/strong><\/p><p><strong>Chrome<\/strong><\/p><p>1. Selecciona el icono de Herramientas<br \/>2. Haz clic en Configuraci\u00f3n.<br \/>3. Haz clic en Mostrar Opciones Avanzadas.<br \/>4. En la secci\u00f3n \u00abPrivacidad\u00bb haz clic en Configuraci\u00f3n de contenido.<br \/>\u2022 Eliminar cookies: Haz clic en Todas las cookies y los datos de sitios\u2026<br \/>\u2022 No permitir que se almacenen cookies.<br \/>5. Haz clic en Eliminar datos de navegaci\u00f3n (vaciar la Cach\u00e9).<br \/>6. Cierra y reinicia el navegador.<\/p><p>Para m\u00e1s informaci\u00f3n sobre Chrome pulse aqu\u00ed: <a href=\"http:\/\/support.google.com\/chrome\/answer\/95647?hl=es\">http:\/\/support.google.com\/chrome\/answer\/95647?hl=es<\/a><\/p><p><strong>Internet Explorer. Versi\u00f3n 11<\/strong><\/p><p>1. Selecciona Herramientas | Opciones de Internet.<br \/>2. Haz clic en la ficha General.<br \/>3. En la secci\u00f3n \u00abHistorial de exploraci\u00f3n\u00bb, haz clic en Eliminar el historial de exploraci\u00f3n al salir.<br \/>4. Seleccionar Eliminar archivos.<br \/>5. Seleccionar Eliminar cookies.<br \/>6. Haz clic en Eliminar.<br \/>7. Haz clic en Aceptar.<br \/>8. Cierra y reinicia el navegador.<\/p><p>Para m\u00e1s informaci\u00f3n sobre Internet Explorer pulse aqu\u00ed: <a href=\"https:\/\/support.microsoft.com\/es-es\/help\/278835\/how-to-delete-cookie-files-in-internet-explorer\">https:\/\/support.microsoft.com\/es-es\/help\/278835\/how-to-delete-cookie-files-in-internet-explorer<\/a><\/p><p><strong>Firefox. Versi\u00f3n 65.0.1<\/strong><\/p><p>1. Selecciona Firefox | Historial | Limpiar el historial reciente.<br \/>2. Al lado de \u00abDetalles\u00bb, haz clic en la flecha hacia abajo.<br \/>3. Selecciona las siguientes casillas de verificaci\u00f3n: Cookies, Cach\u00e9, Inicios de sesi\u00f3n activos<br \/>4. Usando el \u00abIntervalo de tiempo para borrar\u00bb en el men\u00fa desplegable, selecciona Todo.<br \/>5. Haz clic en Borrar ahora.<br \/>6. Cierra y reinicia el navegador.<\/p><p>Puede aceptar o rechazar las cookies individualmente en las Preferencias de Firefox, en la secci\u00f3n Historial disponible en Herramientas &gt; Opciones &gt; Privacidad.<\/p><p>Para m\u00e1s informaci\u00f3n sobre Mozilla Firefox pulse aqu\u00ed: <a href=\"https:\/\/www.mozilla.org\/es-ES\/privacy\/websites\/#cookies\">https:\/\/www.mozilla.org\/es-ES\/privacy\/websites\/#cookies<\/a><\/p><p><strong>Safari Versi\u00f3n 5.1<\/strong><\/p><ul><li>1. Selecciona el icono de Safari \/ Editar | Restaurar Safari.<br \/>2. Selecciona las siguientes casillas de verificaci\u00f3n: Borrar el historial, Eliminar todos los datos de sitio web<br \/>3. Haz clic en Restablecer.<br \/>4. Cierra y reinicia el navegador.<\/li><\/ul><p>Para m\u00e1s informaci\u00f3n sobre Safari pulse aqu\u00ed: <a href=\"https:\/\/support.apple.com\/es-es\/guide\/safari\/sfri11471\/mac\">https:\/\/support.apple.com\/es-es\/guide\/safari\/sfri11471\/mac<\/a><\/p><p><strong>Opera<\/strong><\/p><p>Opciones &gt; Avanzado &gt; Cookies.<br \/>Las opciones de cookies controlan el modo en que Opera los maneja y por lo tanto su aceptaci\u00f3n o rechazo.<\/p><p>Para m\u00e1s informaci\u00f3n sobre Opera pulse aqu\u00ed: <a href=\"https:\/\/help.opera.com\/en\/latest\/security-and-privacy\/#clearBrowsingData\">https:\/\/help.opera.com\/en\/latest\/security-and-privacy\/#clearBrowsingData<\/a><\/p><p><strong>Otros navegadores<\/strong><\/p><p>Consulte la documentaci\u00f3n del navegador que tenga instalado.<\/p><p><strong>APPLICABLE LAW AND JURISDICTION:<\/strong><\/p><p>Las relaciones establecidas entre el usuario y el titular de la p\u00e1gina web se regir\u00e1n por lo dispuesto en la normativa vigente acerca de la legislaci\u00f3n aplicable y la jurisdicci\u00f3n competente. No obstante, para los casos en los que la normativa permita la posibilidad a las partes de someterse voluntariamente a un fuero, el propietario de esta web y el usuario, con renuncia expresa a cualquier otro fuero que pudiera corresponderles, se someter\u00e1n a los Juzgados y Tribunales correspondientes.<\/p><p>En todo caso ser\u00e1n aplicables las normas del Ordenamiento Jur\u00eddico Espa\u00f1ol.<\/p><p><strong>CONTACT:<\/strong><br \/>If any user has any questions regarding these Legal Terms or any comments about the portal, <a href=\"https:\/\/www.qurare.eu\/en\/\">https:\/\/www.qurare.eu<\/a>, por favor dir\u00edjase a info@<a href=\"https:\/\/www.qurare.eu\/en\/\">qurare.eu<\/a> The Web Pages <a href=\"https:\/\/www.qurare.eu\/en\/\">https:\/\/www.qurare.eu<\/a> proporcionan enlaces a nuestras redes sociales (FACEBOOK, INSTAGRAM Y X). El \u00fanico objeto de los enlaces es proporcionar al usuario la posibilidad de acceder a dichos enlaces. Qurare no se responsabiliza en ning\u00fan caso de los resultados que puedan derivarse al usuario por acceso a dichos enlaces. El usuario que se proponga establecer cualquier dispositivo t\u00e9cnico de enlace desde su sitio web al portal <a href=\"https:\/\/www.qurare.eu\/en\/\">https:\/\/www.qurare.eu<\/a> deber\u00e1 obtener la autorizaci\u00f3n previa y escrita de Qurare. El establecimiento del enlace no implica en ning\u00fan caso la existencia de relaciones entre Qurare y el propietario del sitio en el que se establezca el enlace, ni la aceptaci\u00f3n o aprobaci\u00f3n por parte de Qurare de sus contenidos o servicios.<\/p>\t\t\t\t\t\t\t\t<\/div>\n\t\t\t\t<\/div>\n\t\t\t\t<\/div>\n\t\t\t\t<\/div>\n\t\t\t\t<\/div>\n\t\t\t\t<\/div>\n\t\t\t\t<\/div>","protected":false},"excerpt":{"rendered":"<p>Pol\u00edtica de cookies QUI\u00c9NES SOMOS:Razon social: JOSEP BALLESTER SOLERDirecci\u00f3n: C\/ Dr. SEVERO OCHOA N\u00ba.3 Bloque IV Portal 2 2\u00baB03550 SAN JUAN DE ALICANTE &#8211; ALICANTECIF | NIF: 46040670YEmail: info@qurare.eu ENLACES INTERNOS:En Qurare utilizamos cookies estrictamente necesarias y de anal\u00edtica web para medir y analizar la navegaci\u00f3n de los usuarios en nuestra p\u00e1gina web. Una cookie [&hellip;]<\/p>\n","protected":false},"author":2,"featured_media":0,"parent":0,"menu_order":0,"comment_status":"closed","ping_status":"closed","template":"","meta":{"_monsterinsights_skip_tracking":false,"_monsterinsights_sitenote_active":false,"_monsterinsights_sitenote_note":"","_monsterinsights_sitenote_category":0,"footnotes":""},"class_list":["post-1546","page","type-page","status-publish","hentry"],"yoast_head":"<!-- This site is optimized with the Yoast SEO plugin v27.4 - https:\/\/yoast.com\/product\/yoast-seo-wordpress\/ -->\n<title>Pol\u00edtica de cookies - Qurare Human Well-Being<\/title>\n<meta name=\"robots\" content=\"index, follow, max-snippet:-1, max-image-preview:large, max-video-preview:-1\" \/>\n<link rel=\"canonical\" href=\"https:\/\/www.qurare.eu\/en\/politica-de-cookies\/\" \/>\n<meta property=\"og:locale\" content=\"en_GB\" \/>\n<meta property=\"og:type\" content=\"article\" \/>\n<meta property=\"og:title\" content=\"Pol\u00edtica de cookies - Qurare Human Well-Being\" \/>\n<meta property=\"og:description\" content=\"Pol\u00edtica de cookies QUI\u00c9NES SOMOS:Razon social: JOSEP BALLESTER SOLERDirecci\u00f3n: C\/ Dr. SEVERO OCHOA N\u00ba.3 Bloque IV Portal 2 2\u00baB03550 SAN JUAN DE ALICANTE &#8211; ALICANTECIF | NIF: 46040670YEmail: info@qurare.eu ENLACES INTERNOS:En Qurare utilizamos cookies estrictamente necesarias y de anal\u00edtica web para medir y analizar la navegaci\u00f3n de los usuarios en nuestra p\u00e1gina web. Una cookie [&hellip;]\" \/>\n<meta property=\"og:url\" content=\"https:\/\/www.qurare.eu\/en\/politica-de-cookies\/\" \/>\n<meta property=\"og:site_name\" content=\"Qurare Human Well-Being\" \/>\n<meta property=\"article:modified_time\" content=\"2026-01-29T09:51:42+00:00\" \/>\n<meta name=\"twitter:card\" content=\"summary_large_image\" \/>\n<meta name=\"twitter:label1\" content=\"Estimated reading time\" \/>\n\t<meta name=\"twitter:data1\" content=\"7 minutes\" \/>\n<script type=\"application\/ld+json\" class=\"yoast-schema-graph\">{\"@context\":\"https:\\\/\\\/schema.org\",\"@graph\":[{\"@type\":\"WebPage\",\"@id\":\"https:\\\/\\\/www.qurare.eu\\\/politica-de-cookies\\\/\",\"url\":\"https:\\\/\\\/www.qurare.eu\\\/politica-de-cookies\\\/\",\"name\":\"Pol\u00edtica de cookies - Qurare Human Well-Being\",\"isPartOf\":{\"@id\":\"https:\\\/\\\/www.qurare.eu\\\/#website\"},\"datePublished\":\"2025-01-16T15:49:41+00:00\",\"dateModified\":\"2026-01-29T09:51:42+00:00\",\"breadcrumb\":{\"@id\":\"https:\\\/\\\/www.qurare.eu\\\/politica-de-cookies\\\/#breadcrumb\"},\"inLanguage\":\"en-GB\",\"potentialAction\":[{\"@type\":\"ReadAction\",\"target\":[\"https:\\\/\\\/www.qurare.eu\\\/politica-de-cookies\\\/\"]}]},{\"@type\":\"BreadcrumbList\",\"@id\":\"https:\\\/\\\/www.qurare.eu\\\/politica-de-cookies\\\/#breadcrumb\",\"itemListElement\":[{\"@type\":\"ListItem\",\"position\":1,\"name\":\"Portada\",\"item\":\"https:\\\/\\\/www.qurare.eu\\\/\"},{\"@type\":\"ListItem\",\"position\":2,\"name\":\"Pol\u00edtica de cookies\"}]},{\"@type\":\"WebSite\",\"@id\":\"https:\\\/\\\/www.qurare.eu\\\/#website\",\"url\":\"https:\\\/\\\/www.qurare.eu\\\/\",\"name\":\"Qurare Human Well-Being\",\"description\":\"Bienestar, cuidado y conocimiento para tu vida\",\"publisher\":{\"@id\":\"https:\\\/\\\/www.qurare.eu\\\/#organization\"},\"potentialAction\":[{\"@type\":\"SearchAction\",\"target\":{\"@type\":\"EntryPoint\",\"urlTemplate\":\"https:\\\/\\\/www.qurare.eu\\\/?s={search_term_string}\"},\"query-input\":{\"@type\":\"PropertyValueSpecification\",\"valueRequired\":true,\"valueName\":\"search_term_string\"}}],\"inLanguage\":\"en-GB\"},{\"@type\":\"Organization\",\"@id\":\"https:\\\/\\\/www.qurare.eu\\\/#organization\",\"name\":\"Qurare Human Well-Being\",\"url\":\"https:\\\/\\\/www.qurare.eu\\\/\",\"logo\":{\"@type\":\"ImageObject\",\"inLanguage\":\"en-GB\",\"@id\":\"https:\\\/\\\/www.qurare.eu\\\/#\\\/schema\\\/logo\\\/image\\\/\",\"url\":\"https:\\\/\\\/www.qurare.eu\\\/wp-content\\\/uploads\\\/2025\\\/01\\\/logo.png\",\"contentUrl\":\"https:\\\/\\\/www.qurare.eu\\\/wp-content\\\/uploads\\\/2025\\\/01\\\/logo.png\",\"width\":379,\"height\":148,\"caption\":\"Qurare Human Well-Being\"},\"image\":{\"@id\":\"https:\\\/\\\/www.qurare.eu\\\/#\\\/schema\\\/logo\\\/image\\\/\"}}]}<\/script>\n<!-- \/ Yoast SEO plugin. -->","yoast_head_json":{"title":"Pol\u00edtica de cookies - Qurare Human Well-Being","robots":{"index":"index","follow":"follow","max-snippet":"max-snippet:-1","max-image-preview":"max-image-preview:large","max-video-preview":"max-video-preview:-1"},"canonical":"https:\/\/www.qurare.eu\/en\/politica-de-cookies\/","og_locale":"en_GB","og_type":"article","og_title":"Pol\u00edtica de cookies - Qurare Human Well-Being","og_description":"Pol\u00edtica de cookies QUI\u00c9NES SOMOS:Razon social: JOSEP BALLESTER SOLERDirecci\u00f3n: C\/ Dr. SEVERO OCHOA N\u00ba.3 Bloque IV Portal 2 2\u00baB03550 SAN JUAN DE ALICANTE &#8211; ALICANTECIF | NIF: 46040670YEmail: info@qurare.eu ENLACES INTERNOS:En Qurare utilizamos cookies estrictamente necesarias y de anal\u00edtica web para medir y analizar la navegaci\u00f3n de los usuarios en nuestra p\u00e1gina web. Una cookie [&hellip;]","og_url":"https:\/\/www.qurare.eu\/en\/politica-de-cookies\/","og_site_name":"Qurare Human Well-Being","article_modified_time":"2026-01-29T09:51:42+00:00","twitter_card":"summary_large_image","twitter_misc":{"Estimated reading time":"7 minutes"},"schema":{"@context":"https:\/\/schema.org","@graph":[{"@type":"WebPage","@id":"https:\/\/www.qurare.eu\/politica-de-cookies\/","url":"https:\/\/www.qurare.eu\/politica-de-cookies\/","name":"Pol\u00edtica de cookies - Qurare Human Well-Being","isPartOf":{"@id":"https:\/\/www.qurare.eu\/#website"},"datePublished":"2025-01-16T15:49:41+00:00","dateModified":"2026-01-29T09:51:42+00:00","breadcrumb":{"@id":"https:\/\/www.qurare.eu\/politica-de-cookies\/#breadcrumb"},"inLanguage":"en-GB","potentialAction":[{"@type":"ReadAction","target":["https:\/\/www.qurare.eu\/politica-de-cookies\/"]}]},{"@type":"BreadcrumbList","@id":"https:\/\/www.qurare.eu\/politica-de-cookies\/#breadcrumb","itemListElement":[{"@type":"ListItem","position":1,"name":"Portada","item":"https:\/\/www.qurare.eu\/"},{"@type":"ListItem","position":2,"name":"Pol\u00edtica de cookies"}]},{"@type":"WebSite","@id":"https:\/\/www.qurare.eu\/#website","url":"https:\/\/www.qurare.eu\/","name":"Qurare Human Well-Being","description":"Bienestar, cuidado y conocimiento para tu vida","publisher":{"@id":"https:\/\/www.qurare.eu\/#organization"},"potentialAction":[{"@type":"SearchAction","target":{"@type":"EntryPoint","urlTemplate":"https:\/\/www.qurare.eu\/?s={search_term_string}"},"query-input":{"@type":"PropertyValueSpecification","valueRequired":true,"valueName":"search_term_string"}}],"inLanguage":"en-GB"},{"@type":"Organization","@id":"https:\/\/www.qurare.eu\/#organization","name":"Qurare Human Well-Being","url":"https:\/\/www.qurare.eu\/","logo":{"@type":"ImageObject","inLanguage":"en-GB","@id":"https:\/\/www.qurare.eu\/#\/schema\/logo\/image\/","url":"https:\/\/www.qurare.eu\/wp-content\/uploads\/2025\/01\/logo.png","contentUrl":"https:\/\/www.qurare.eu\/wp-content\/uploads\/2025\/01\/logo.png","width":379,"height":148,"caption":"Qurare Human Well-Being"},"image":{"@id":"https:\/\/www.qurare.eu\/#\/schema\/logo\/image\/"}}]}},"_links":{"self":[{"href":"https:\/\/www.qurare.eu\/en\/wp-json\/wp\/v2\/pages\/1546","targetHints":{"allow":["GET"]}}],"collection":[{"href":"https:\/\/www.qurare.eu\/en\/wp-json\/wp\/v2\/pages"}],"about":[{"href":"https:\/\/www.qurare.eu\/en\/wp-json\/wp\/v2\/types\/page"}],"author":[{"embeddable":true,"href":"https:\/\/www.qurare.eu\/en\/wp-json\/wp\/v2\/users\/2"}],"replies":[{"embeddable":true,"href":"https:\/\/www.qurare.eu\/en\/wp-json\/wp\/v2\/comments?post=1546"}],"version-history":[{"count":7,"href":"https:\/\/www.qurare.eu\/en\/wp-json\/wp\/v2\/pages\/1546\/revisions"}],"predecessor-version":[{"id":1761,"href":"https:\/\/www.qurare.eu\/en\/wp-json\/wp\/v2\/pages\/1546\/revisions\/1761"}],"wp:attachment":[{"href":"https:\/\/www.qurare.eu\/en\/wp-json\/wp\/v2\/media?parent=1546"}],"curies":[{"name":"wp","href":"https:\/\/api.w.org\/{rel}","templated":true}]}}