{"id":1556,"date":"2025-01-16T17:00:41","date_gmt":"2025-01-16T16:00:41","guid":{"rendered":"https:\/\/gptq3.probar.com.es\/?page_id=1556"},"modified":"2025-01-16T17:37:16","modified_gmt":"2025-01-16T16:37:16","slug":"declaracion-de-accesibilidad","status":"publish","type":"page","link":"https:\/\/www.qurare.eu\/en\/declaracion-de-accesibilidad\/","title":{"rendered":"Accessibility Statement"},"content":{"rendered":"<div data-elementor-type=\"wp-page\" data-elementor-id=\"1556\" class=\"elementor elementor-1556\" data-elementor-post-type=\"page\">\n\t\t\t\t<div class=\"elementor-element elementor-element-ad39ddc e-con-full e-flex e-con e-parent\" data-id=\"ad39ddc\" data-element_type=\"container\" data-settings=\"{&quot;background_background&quot;:&quot;classic&quot;}\">\n\t\t<div class=\"elementor-element elementor-element-10e335d e-con-full e-flex e-con e-child\" data-id=\"10e335d\" data-element_type=\"container\" data-settings=\"{&quot;background_background&quot;:&quot;classic&quot;}\">\n\t\t<div class=\"elementor-element elementor-element-6299c7e e-con-full e-flex e-con e-child\" data-id=\"6299c7e\" data-element_type=\"container\">\n\t\t<div class=\"elementor-element elementor-element-71dfb0b e-con-full e-flex e-con e-child\" data-id=\"71dfb0b\" data-element_type=\"container\">\n\t\t\t\t<div class=\"elementor-element elementor-element-e4996b3 elementor-widget__width-inherit elementor-widget-tablet__width-inherit elementor-widget-mobile__width-inherit elementor-invisible elementor-widget elementor-widget-heading\" data-id=\"e4996b3\" data-element_type=\"widget\" data-settings=\"{&quot;_animation&quot;:&quot;fadeInDown&quot;,&quot;_animation_delay&quot;:200}\" data-widget_type=\"heading.default\">\n\t\t\t\t<div class=\"elementor-widget-container\">\n\t\t\t\t\t<h2 class=\"elementor-heading-title elementor-size-default\">Accessibility statement<\/h2>\t\t\t\t<\/div>\n\t\t\t\t<\/div>\n\t\t\t\t<\/div>\n\t\t<div class=\"elementor-element elementor-element-ee2a75a e-con-full animated-slow e-flex elementor-invisible e-con e-child\" data-id=\"ee2a75a\" data-element_type=\"container\" data-settings=\"{&quot;animation&quot;:&quot;fadeInLeft&quot;,&quot;animation_delay&quot;:600}\">\n\t\t\t\t<div class=\"elementor-element elementor-element-de82230 elementor-widget__width-inherit elementor-widget elementor-widget-text-editor\" data-id=\"de82230\" data-element_type=\"widget\" data-widget_type=\"text-editor.default\">\n\t\t\t\t<div class=\"elementor-widget-container\">\n\t\t\t\t\t\t\t\t\t<p><strong>QURARE<\/strong> has committed to making its website accessible in accordance with Royal Decree 1112\/2018, of September 7, on <a href=\"http:\/\/www.boe.es\/diario_boe\/txt.php?id=BOE-A-2018-12699\" target=\"_blank\" rel=\"noreferrer noopener\">accesibilidad de los sitios web y aplicaciones para dispositivos m\u00f3viles del sector p\u00fablico<\/a>. This accessibility statement applies to the website qurare.com<\/p><p>Compliance status:<\/p><p>This website is <strong>fully compliant<\/strong> with RD 1112\/2018.<\/p><p>Preparation of this accessibility statement:<\/p><p>This statement was prepared on 07\/18\/2024.<\/p><p>The method used to prepare the declaration has been a self-assessment carried out by the company itself.<\/p><p>Last revision of the declaration: 07\/18\/2024.<\/p><p>Observations and contact information:<\/p><p>You can make communications about accessibility requirements (article 10.2.a) of RD 1112\/2018) such as:<\/p><ul><li>Report any possible breach by this website<\/li><li>Transmit other content access difficulties<\/li><li>Ask any other questions or suggestions for improvement regarding the accessibility of the website<\/li><\/ul><p>Through the following means:<\/p><ul><li>Calling the telephone numbers: 965 602 626 \u2013 667 64 95 05<\/li><li>Sending an email to: info@qurare.com<\/li><\/ul><p>You can present:<\/p><ul><li>A complaint regarding compliance with the requirements of RD 1112\/2018 or<\/li><li>A Request for Accessible Information relating to:<\/li><li>Contents that are excluded from the scope of application of RD 1112\/2018 as established by article 3, section 4<\/li><li>Content that is exempt from compliance with accessibility requirements because it imposes a disproportionate burden.<\/li><\/ul><p>In the Request for accessible information, the facts, reasons and request must be clearly specified that allow us to verify that it is a reasonable and legitimate request.<\/p><p>Optional content:<\/p><p>The last accessibility review was carried out on 07\/18\/2024.<\/p>\t\t\t\t\t\t\t\t<\/div>\n\t\t\t\t<\/div>\n\t\t\t\t<\/div>\n\t\t\t\t<\/div>\n\t\t\t\t<\/div>\n\t\t\t\t<\/div>\n\t\t\t\t<\/div>","protected":false},"excerpt":{"rendered":"<p>Declaracion de accesibilidad QURARE se ha comprometido a hacer accesible su sitio web de conformidad con el Real Decreto 1112\/2018, de 7 de septiembre, sobre accesibilidad de los sitios web y aplicaciones para dispositivos m\u00f3viles del sector p\u00fablico. La presente declaraci\u00f3n de accesibilidad se aplica al sitio web qurare.com Situaci\u00f3n de cumplimiento: Este sitio web [&hellip;]<\/p>\n","protected":false},"author":2,"featured_media":0,"parent":0,"menu_order":0,"comment_status":"closed","ping_status":"closed","template":"","meta":{"_monsterinsights_skip_tracking":false,"_monsterinsights_sitenote_active":false,"_monsterinsights_sitenote_note":"","_monsterinsights_sitenote_category":0,"footnotes":""},"class_list":["post-1556","page","type-page","status-publish","hentry"],"yoast_head":"<!-- This site is optimized with the Yoast SEO plugin v27.5 - https:\/\/yoast.com\/product\/yoast-seo-wordpress\/ -->\n<title>Declaraci\u00f3n de accesibilidad - Qurare Human Well-Being<\/title>\n<meta name=\"robots\" content=\"index, follow, max-snippet:-1, max-image-preview:large, max-video-preview:-1\" \/>\n<link rel=\"canonical\" href=\"https:\/\/www.qurare.eu\/en\/declaracion-de-accesibilidad\/\" \/>\n<meta property=\"og:locale\" content=\"en_GB\" \/>\n<meta property=\"og:type\" content=\"article\" \/>\n<meta property=\"og:title\" content=\"Declaraci\u00f3n de accesibilidad - Qurare Human Well-Being\" \/>\n<meta property=\"og:description\" content=\"Declaracion de accesibilidad QURARE se ha comprometido a hacer accesible su sitio web de conformidad con el Real Decreto 1112\/2018, de 7 de septiembre, sobre accesibilidad de los sitios web y aplicaciones para dispositivos m\u00f3viles del sector p\u00fablico. La presente declaraci\u00f3n de accesibilidad se aplica al sitio web qurare.com Situaci\u00f3n de cumplimiento: Este sitio web [&hellip;]\" \/>\n<meta property=\"og:url\" content=\"https:\/\/www.qurare.eu\/en\/declaracion-de-accesibilidad\/\" \/>\n<meta property=\"og:site_name\" content=\"Qurare Human Well-Being\" \/>\n<meta property=\"article:modified_time\" content=\"2025-01-16T16:37:16+00:00\" \/>\n<meta name=\"twitter:card\" content=\"summary_large_image\" \/>\n<meta name=\"twitter:label1\" content=\"Estimated reading time\" \/>\n\t<meta name=\"twitter:data1\" content=\"2 minutes\" \/>\n<script type=\"application\/ld+json\" class=\"yoast-schema-graph\">{\"@context\":\"https:\\\/\\\/schema.org\",\"@graph\":[{\"@type\":\"WebPage\",\"@id\":\"https:\\\/\\\/www.qurare.eu\\\/declaracion-de-accesibilidad\\\/\",\"url\":\"https:\\\/\\\/www.qurare.eu\\\/declaracion-de-accesibilidad\\\/\",\"name\":\"Declaraci\u00f3n de accesibilidad - Qurare Human Well-Being\",\"isPartOf\":{\"@id\":\"https:\\\/\\\/www.qurare.eu\\\/#website\"},\"datePublished\":\"2025-01-16T16:00:41+00:00\",\"dateModified\":\"2025-01-16T16:37:16+00:00\",\"breadcrumb\":{\"@id\":\"https:\\\/\\\/www.qurare.eu\\\/declaracion-de-accesibilidad\\\/#breadcrumb\"},\"inLanguage\":\"en-GB\",\"potentialAction\":[{\"@type\":\"ReadAction\",\"target\":[\"https:\\\/\\\/www.qurare.eu\\\/declaracion-de-accesibilidad\\\/\"]}]},{\"@type\":\"BreadcrumbList\",\"@id\":\"https:\\\/\\\/www.qurare.eu\\\/declaracion-de-accesibilidad\\\/#breadcrumb\",\"itemListElement\":[{\"@type\":\"ListItem\",\"position\":1,\"name\":\"Portada\",\"item\":\"https:\\\/\\\/www.qurare.eu\\\/\"},{\"@type\":\"ListItem\",\"position\":2,\"name\":\"Declaraci\u00f3n de accesibilidad\"}]},{\"@type\":\"WebSite\",\"@id\":\"https:\\\/\\\/www.qurare.eu\\\/#website\",\"url\":\"https:\\\/\\\/www.qurare.eu\\\/\",\"name\":\"Qurare Human Well-Being\",\"description\":\"Bienestar, cuidado y conocimiento para tu vida\",\"publisher\":{\"@id\":\"https:\\\/\\\/www.qurare.eu\\\/#organization\"},\"potentialAction\":[{\"@type\":\"SearchAction\",\"target\":{\"@type\":\"EntryPoint\",\"urlTemplate\":\"https:\\\/\\\/www.qurare.eu\\\/?s={search_term_string}\"},\"query-input\":{\"@type\":\"PropertyValueSpecification\",\"valueRequired\":true,\"valueName\":\"search_term_string\"}}],\"inLanguage\":\"en-GB\"},{\"@type\":\"Organization\",\"@id\":\"https:\\\/\\\/www.qurare.eu\\\/#organization\",\"name\":\"Qurare Human Well-Being\",\"url\":\"https:\\\/\\\/www.qurare.eu\\\/\",\"logo\":{\"@type\":\"ImageObject\",\"inLanguage\":\"en-GB\",\"@id\":\"https:\\\/\\\/www.qurare.eu\\\/#\\\/schema\\\/logo\\\/image\\\/\",\"url\":\"https:\\\/\\\/www.qurare.eu\\\/wp-content\\\/uploads\\\/2025\\\/01\\\/logo.png\",\"contentUrl\":\"https:\\\/\\\/www.qurare.eu\\\/wp-content\\\/uploads\\\/2025\\\/01\\\/logo.png\",\"width\":379,\"height\":148,\"caption\":\"Qurare Human Well-Being\"},\"image\":{\"@id\":\"https:\\\/\\\/www.qurare.eu\\\/#\\\/schema\\\/logo\\\/image\\\/\"}}]}<\/script>\n<!-- \/ Yoast SEO plugin. -->","yoast_head_json":{"title":"Declaraci\u00f3n de accesibilidad - Qurare Human Well-Being","robots":{"index":"index","follow":"follow","max-snippet":"max-snippet:-1","max-image-preview":"max-image-preview:large","max-video-preview":"max-video-preview:-1"},"canonical":"https:\/\/www.qurare.eu\/en\/declaracion-de-accesibilidad\/","og_locale":"en_GB","og_type":"article","og_title":"Declaraci\u00f3n de accesibilidad - Qurare Human Well-Being","og_description":"Declaracion de accesibilidad QURARE se ha comprometido a hacer accesible su sitio web de conformidad con el Real Decreto 1112\/2018, de 7 de septiembre, sobre accesibilidad de los sitios web y aplicaciones para dispositivos m\u00f3viles del sector p\u00fablico. La presente declaraci\u00f3n de accesibilidad se aplica al sitio web qurare.com Situaci\u00f3n de cumplimiento: Este sitio web [&hellip;]","og_url":"https:\/\/www.qurare.eu\/en\/declaracion-de-accesibilidad\/","og_site_name":"Qurare Human Well-Being","article_modified_time":"2025-01-16T16:37:16+00:00","twitter_card":"summary_large_image","twitter_misc":{"Estimated reading time":"2 minutes"},"schema":{"@context":"https:\/\/schema.org","@graph":[{"@type":"WebPage","@id":"https:\/\/www.qurare.eu\/declaracion-de-accesibilidad\/","url":"https:\/\/www.qurare.eu\/declaracion-de-accesibilidad\/","name":"Declaraci\u00f3n de accesibilidad - Qurare Human Well-Being","isPartOf":{"@id":"https:\/\/www.qurare.eu\/#website"},"datePublished":"2025-01-16T16:00:41+00:00","dateModified":"2025-01-16T16:37:16+00:00","breadcrumb":{"@id":"https:\/\/www.qurare.eu\/declaracion-de-accesibilidad\/#breadcrumb"},"inLanguage":"en-GB","potentialAction":[{"@type":"ReadAction","target":["https:\/\/www.qurare.eu\/declaracion-de-accesibilidad\/"]}]},{"@type":"BreadcrumbList","@id":"https:\/\/www.qurare.eu\/declaracion-de-accesibilidad\/#breadcrumb","itemListElement":[{"@type":"ListItem","position":1,"name":"Portada","item":"https:\/\/www.qurare.eu\/"},{"@type":"ListItem","position":2,"name":"Declaraci\u00f3n de accesibilidad"}]},{"@type":"WebSite","@id":"https:\/\/www.qurare.eu\/#website","url":"https:\/\/www.qurare.eu\/","name":"Qurare Human Well-Being","description":"Bienestar, cuidado y conocimiento para tu vida","publisher":{"@id":"https:\/\/www.qurare.eu\/#organization"},"potentialAction":[{"@type":"SearchAction","target":{"@type":"EntryPoint","urlTemplate":"https:\/\/www.qurare.eu\/?s={search_term_string}"},"query-input":{"@type":"PropertyValueSpecification","valueRequired":true,"valueName":"search_term_string"}}],"inLanguage":"en-GB"},{"@type":"Organization","@id":"https:\/\/www.qurare.eu\/#organization","name":"Qurare Human Well-Being","url":"https:\/\/www.qurare.eu\/","logo":{"@type":"ImageObject","inLanguage":"en-GB","@id":"https:\/\/www.qurare.eu\/#\/schema\/logo\/image\/","url":"https:\/\/www.qurare.eu\/wp-content\/uploads\/2025\/01\/logo.png","contentUrl":"https:\/\/www.qurare.eu\/wp-content\/uploads\/2025\/01\/logo.png","width":379,"height":148,"caption":"Qurare Human Well-Being"},"image":{"@id":"https:\/\/www.qurare.eu\/#\/schema\/logo\/image\/"}}]}},"_links":{"self":[{"href":"https:\/\/www.qurare.eu\/en\/wp-json\/wp\/v2\/pages\/1556","targetHints":{"allow":["GET"]}}],"collection":[{"href":"https:\/\/www.qurare.eu\/en\/wp-json\/wp\/v2\/pages"}],"about":[{"href":"https:\/\/www.qurare.eu\/en\/wp-json\/wp\/v2\/types\/page"}],"author":[{"embeddable":true,"href":"https:\/\/www.qurare.eu\/en\/wp-json\/wp\/v2\/users\/2"}],"replies":[{"embeddable":true,"href":"https:\/\/www.qurare.eu\/en\/wp-json\/wp\/v2\/comments?post=1556"}],"version-history":[{"count":7,"href":"https:\/\/www.qurare.eu\/en\/wp-json\/wp\/v2\/pages\/1556\/revisions"}],"predecessor-version":[{"id":1570,"href":"https:\/\/www.qurare.eu\/en\/wp-json\/wp\/v2\/pages\/1556\/revisions\/1570"}],"wp:attachment":[{"href":"https:\/\/www.qurare.eu\/en\/wp-json\/wp\/v2\/media?parent=1556"}],"curies":[{"name":"wp","href":"https:\/\/api.w.org\/{rel}","templated":true}]}}