{"id":1754,"date":"2026-01-29T10:43:50","date_gmt":"2026-01-29T09:43:50","guid":{"rendered":"https:\/\/www.qurare.eu\/?page_id=1754"},"modified":"2026-01-29T10:46:25","modified_gmt":"2026-01-29T09:46:25","slug":"aviso-legal","status":"publish","type":"page","link":"https:\/\/www.qurare.eu\/en\/aviso-legal\/","title":{"rendered":"Aviso Legal"},"content":{"rendered":"<div data-elementor-type=\"wp-page\" data-elementor-id=\"1754\" class=\"elementor elementor-1754\" data-elementor-post-type=\"page\">\n\t\t\t\t<div class=\"elementor-element elementor-element-ad39ddc e-con-full e-flex e-con e-parent\" data-id=\"ad39ddc\" data-element_type=\"container\" data-settings=\"{&quot;background_background&quot;:&quot;classic&quot;}\">\n\t\t<div class=\"elementor-element elementor-element-10e335d e-con-full e-flex e-con e-child\" data-id=\"10e335d\" data-element_type=\"container\" data-settings=\"{&quot;background_background&quot;:&quot;classic&quot;}\">\n\t\t<div class=\"elementor-element elementor-element-6299c7e e-con-full e-flex e-con e-child\" data-id=\"6299c7e\" data-element_type=\"container\">\n\t\t<div class=\"elementor-element elementor-element-71dfb0b e-con-full e-flex e-con e-child\" data-id=\"71dfb0b\" data-element_type=\"container\">\n\t\t\t\t<div class=\"elementor-element elementor-element-e4996b3 elementor-widget__width-inherit elementor-widget-tablet__width-inherit elementor-widget-mobile__width-inherit elementor-invisible elementor-widget elementor-widget-heading\" data-id=\"e4996b3\" data-element_type=\"widget\" data-settings=\"{&quot;_animation&quot;:&quot;fadeInDown&quot;,&quot;_animation_delay&quot;:200}\" data-widget_type=\"heading.default\">\n\t\t\t\t<div class=\"elementor-widget-container\">\n\t\t\t\t\t<h2 class=\"elementor-heading-title elementor-size-default\">Aviso Legal<\/h2>\t\t\t\t<\/div>\n\t\t\t\t<\/div>\n\t\t\t\t<\/div>\n\t\t<div class=\"elementor-element elementor-element-ee2a75a e-con-full animated-slow e-flex elementor-invisible e-con e-child\" data-id=\"ee2a75a\" data-element_type=\"container\" data-settings=\"{&quot;animation&quot;:&quot;fadeInLeft&quot;,&quot;animation_delay&quot;:600}\">\n\t\t\t\t<div class=\"elementor-element elementor-element-de82230 elementor-widget__width-inherit elementor-widget elementor-widget-text-editor\" data-id=\"de82230\" data-element_type=\"widget\" data-widget_type=\"text-editor.default\">\n\t\t\t\t<div class=\"elementor-widget-container\">\n\t\t\t\t\t\t\t\t\t<p>INFORMACI\u00d3N GENERAL:<br \/>En cumplimiento de lo dispuesto en el art\u00edculo 10 de la Ley 34\/2002, de 11 de julio, de Servicios de la Sociedad de la Informaci\u00f3n y del Comercio Electr\u00f3nico (LSSICE), se informa de que el presente sitio web, https:\/\/www.qurare.eu, es titularidad de:<\/p><ul><li><p>Raz\u00f3n social: JOSEP BALLESTER SOLER<\/p><\/li><li><p>CIF: 46040670Y<\/p><\/li><li><p>Domicilio social: C\/ Dr. SEVERO OCHOA N\u00ba.3 Bloque IV Portal 2 2\u00baB<br \/>03550 SAN JUAN DE ALICANTE &#8211; ALICANTE<\/p><\/li><li><p>Correo electr\u00f3nico: info@qurare.eu<\/p><\/li><li><p>Nombre comercial: QURARE<\/p><\/li><\/ul><p>OBJETO:<br \/>El presente aviso legal regula el acceso, navegaci\u00f3n y uso del sitio web https:\/\/www.qurare.eu, as\u00ed como las responsabilidades derivadas del uso de sus contenidos. Al navegar por este sitio web, el usuario acepta plenamente y sin reservas todas las condiciones aqu\u00ed expuestas.<\/p><p>QURARE se reserva el derecho a modificar en cualquier momento la presentaci\u00f3n, configuraci\u00f3n y contenidos del sitio web, as\u00ed como las condiciones requeridas para su uso.<\/p><p>PROPIEDAD INTELECTUAL E INDUSTRIAL:<br \/>Todos los contenidos del sitio web, incluyendo a t\u00edtulo enunciativo pero no limitativo: textos, im\u00e1genes, fotograf\u00edas, dise\u00f1os, logotipos, iconos, c\u00f3digo fuente, y dem\u00e1s elementos, son propiedad de QURARE o de terceros con quienes ha suscrito acuerdos de licencia, y est\u00e1n protegidos por la legislaci\u00f3n vigente sobre propiedad intelectual e industrial.<\/p><p>Queda expresamente prohibida la reproducci\u00f3n, distribuci\u00f3n, transformaci\u00f3n, comunicaci\u00f3n p\u00fablica o cualquier otro uso, sin la autorizaci\u00f3n previa y expresa del titular de los derechos.<\/p><p>RESPONSIBILITY:<br \/>El titular del sitio web no garantiza la inexistencia de errores en el acceso al sitio o en su contenido, ni que este se encuentre actualizado, aunque se compromete a realizar las acciones necesarias para evitarlos, corregirlos o actualizarlos en cuanto tenga conocimiento de ellos.<\/p><p>QURARE no se responsabiliza de los da\u00f1os y perjuicios de cualquier naturaleza que pudieran derivarse del mal uso del sitio web por parte del usuario.<\/p><p>EXTERNAL LINKS:<br \/>El sitio web puede incluir enlaces a p\u00e1ginas de terceros. Estos enlaces se facilitan \u00fanicamente a modo de referencia. QURARE no se hace responsable de los contenidos ni del funcionamiento de dichos sitios enlazados, ni implica relaci\u00f3n alguna entre el titular de este sitio web y los titulares de los sitios enlazados.<\/p><p>LEGISLACI\u00d3N APLICABLE Y JURISDICCI\u00d3N:<br \/>El presente aviso legal se rige por la legislaci\u00f3n espa\u00f1ola. Para la resoluci\u00f3n de cualquier controversia que pudiera surgir en relaci\u00f3n con el acceso o uso del sitio web, las partes se someter\u00e1n a los juzgados y tribunales que correspondan conforme a la normativa de protecci\u00f3n de consumidores y usuarios. En caso de no ser aplicable dicha normativa, las partes se someter\u00e1n a los juzgados de la ciudad de Alicante.<\/p>\t\t\t\t\t\t\t\t<\/div>\n\t\t\t\t<\/div>\n\t\t\t\t<\/div>\n\t\t\t\t<\/div>\n\t\t\t\t<\/div>\n\t\t\t\t<\/div>\n\t\t\t\t<\/div>","protected":false},"excerpt":{"rendered":"<p>Aviso Legal INFORMACI\u00d3N GENERAL:En cumplimiento de lo dispuesto en el art\u00edculo 10 de la Ley 34\/2002, de 11 de julio, de Servicios de la Sociedad de la Informaci\u00f3n y del Comercio Electr\u00f3nico (LSSICE), se informa de que el presente sitio web, https:\/\/www.qurare.eu, es titularidad de: Raz\u00f3n social: JOSEP BALLESTER SOLER CIF: 46040670Y Domicilio social: C\/ [&hellip;]<\/p>\n","protected":false},"author":2,"featured_media":0,"parent":0,"menu_order":0,"comment_status":"closed","ping_status":"closed","template":"","meta":{"_monsterinsights_skip_tracking":false,"_monsterinsights_sitenote_active":false,"_monsterinsights_sitenote_note":"","_monsterinsights_sitenote_category":0,"footnotes":""},"class_list":["post-1754","page","type-page","status-publish","hentry"],"yoast_head":"<!-- This site is optimized with the Yoast SEO plugin v27.5 - https:\/\/yoast.com\/product\/yoast-seo-wordpress\/ -->\n<title>Aviso Legal - Qurare Human Well-Being<\/title>\n<meta name=\"robots\" content=\"index, follow, max-snippet:-1, max-image-preview:large, max-video-preview:-1\" \/>\n<link rel=\"canonical\" href=\"https:\/\/www.qurare.eu\/en\/aviso-legal\/\" \/>\n<meta property=\"og:locale\" content=\"en_GB\" \/>\n<meta property=\"og:type\" content=\"article\" \/>\n<meta property=\"og:title\" content=\"Aviso Legal - Qurare Human Well-Being\" \/>\n<meta property=\"og:description\" content=\"Aviso Legal INFORMACI\u00d3N GENERAL:En cumplimiento de lo dispuesto en el art\u00edculo 10 de la Ley 34\/2002, de 11 de julio, de Servicios de la Sociedad de la Informaci\u00f3n y del Comercio Electr\u00f3nico (LSSICE), se informa de que el presente sitio web, https:\/\/www.qurare.eu, es titularidad de: Raz\u00f3n social: JOSEP BALLESTER SOLER CIF: 46040670Y Domicilio social: C\/ [&hellip;]\" \/>\n<meta property=\"og:url\" content=\"https:\/\/www.qurare.eu\/en\/aviso-legal\/\" \/>\n<meta property=\"og:site_name\" content=\"Qurare Human Well-Being\" \/>\n<meta property=\"article:modified_time\" content=\"2026-01-29T09:46:25+00:00\" \/>\n<meta name=\"twitter:card\" content=\"summary_large_image\" \/>\n<meta name=\"twitter:label1\" content=\"Estimated reading time\" \/>\n\t<meta name=\"twitter:data1\" content=\"2 minutes\" \/>\n<script type=\"application\/ld+json\" class=\"yoast-schema-graph\">{\"@context\":\"https:\\\/\\\/schema.org\",\"@graph\":[{\"@type\":\"WebPage\",\"@id\":\"https:\\\/\\\/www.qurare.eu\\\/aviso-legal\\\/\",\"url\":\"https:\\\/\\\/www.qurare.eu\\\/aviso-legal\\\/\",\"name\":\"Aviso Legal - Qurare Human Well-Being\",\"isPartOf\":{\"@id\":\"https:\\\/\\\/www.qurare.eu\\\/#website\"},\"datePublished\":\"2026-01-29T09:43:50+00:00\",\"dateModified\":\"2026-01-29T09:46:25+00:00\",\"breadcrumb\":{\"@id\":\"https:\\\/\\\/www.qurare.eu\\\/aviso-legal\\\/#breadcrumb\"},\"inLanguage\":\"en-GB\",\"potentialAction\":[{\"@type\":\"ReadAction\",\"target\":[\"https:\\\/\\\/www.qurare.eu\\\/aviso-legal\\\/\"]}]},{\"@type\":\"BreadcrumbList\",\"@id\":\"https:\\\/\\\/www.qurare.eu\\\/aviso-legal\\\/#breadcrumb\",\"itemListElement\":[{\"@type\":\"ListItem\",\"position\":1,\"name\":\"Portada\",\"item\":\"https:\\\/\\\/www.qurare.eu\\\/\"},{\"@type\":\"ListItem\",\"position\":2,\"name\":\"Aviso Legal\"}]},{\"@type\":\"WebSite\",\"@id\":\"https:\\\/\\\/www.qurare.eu\\\/#website\",\"url\":\"https:\\\/\\\/www.qurare.eu\\\/\",\"name\":\"Qurare Human Well-Being\",\"description\":\"Bienestar, cuidado y conocimiento para tu vida\",\"publisher\":{\"@id\":\"https:\\\/\\\/www.qurare.eu\\\/#organization\"},\"potentialAction\":[{\"@type\":\"SearchAction\",\"target\":{\"@type\":\"EntryPoint\",\"urlTemplate\":\"https:\\\/\\\/www.qurare.eu\\\/?s={search_term_string}\"},\"query-input\":{\"@type\":\"PropertyValueSpecification\",\"valueRequired\":true,\"valueName\":\"search_term_string\"}}],\"inLanguage\":\"en-GB\"},{\"@type\":\"Organization\",\"@id\":\"https:\\\/\\\/www.qurare.eu\\\/#organization\",\"name\":\"Qurare Human Well-Being\",\"url\":\"https:\\\/\\\/www.qurare.eu\\\/\",\"logo\":{\"@type\":\"ImageObject\",\"inLanguage\":\"en-GB\",\"@id\":\"https:\\\/\\\/www.qurare.eu\\\/#\\\/schema\\\/logo\\\/image\\\/\",\"url\":\"https:\\\/\\\/www.qurare.eu\\\/wp-content\\\/uploads\\\/2025\\\/01\\\/logo.png\",\"contentUrl\":\"https:\\\/\\\/www.qurare.eu\\\/wp-content\\\/uploads\\\/2025\\\/01\\\/logo.png\",\"width\":379,\"height\":148,\"caption\":\"Qurare Human Well-Being\"},\"image\":{\"@id\":\"https:\\\/\\\/www.qurare.eu\\\/#\\\/schema\\\/logo\\\/image\\\/\"}}]}<\/script>\n<!-- \/ Yoast SEO plugin. -->","yoast_head_json":{"title":"Aviso Legal - Qurare Human Well-Being","robots":{"index":"index","follow":"follow","max-snippet":"max-snippet:-1","max-image-preview":"max-image-preview:large","max-video-preview":"max-video-preview:-1"},"canonical":"https:\/\/www.qurare.eu\/en\/aviso-legal\/","og_locale":"en_GB","og_type":"article","og_title":"Aviso Legal - Qurare Human Well-Being","og_description":"Aviso Legal INFORMACI\u00d3N GENERAL:En cumplimiento de lo dispuesto en el art\u00edculo 10 de la Ley 34\/2002, de 11 de julio, de Servicios de la Sociedad de la Informaci\u00f3n y del Comercio Electr\u00f3nico (LSSICE), se informa de que el presente sitio web, https:\/\/www.qurare.eu, es titularidad de: Raz\u00f3n social: JOSEP BALLESTER SOLER CIF: 46040670Y Domicilio social: C\/ [&hellip;]","og_url":"https:\/\/www.qurare.eu\/en\/aviso-legal\/","og_site_name":"Qurare Human Well-Being","article_modified_time":"2026-01-29T09:46:25+00:00","twitter_card":"summary_large_image","twitter_misc":{"Estimated reading time":"2 minutes"},"schema":{"@context":"https:\/\/schema.org","@graph":[{"@type":"WebPage","@id":"https:\/\/www.qurare.eu\/aviso-legal\/","url":"https:\/\/www.qurare.eu\/aviso-legal\/","name":"Aviso Legal - Qurare Human Well-Being","isPartOf":{"@id":"https:\/\/www.qurare.eu\/#website"},"datePublished":"2026-01-29T09:43:50+00:00","dateModified":"2026-01-29T09:46:25+00:00","breadcrumb":{"@id":"https:\/\/www.qurare.eu\/aviso-legal\/#breadcrumb"},"inLanguage":"en-GB","potentialAction":[{"@type":"ReadAction","target":["https:\/\/www.qurare.eu\/aviso-legal\/"]}]},{"@type":"BreadcrumbList","@id":"https:\/\/www.qurare.eu\/aviso-legal\/#breadcrumb","itemListElement":[{"@type":"ListItem","position":1,"name":"Portada","item":"https:\/\/www.qurare.eu\/"},{"@type":"ListItem","position":2,"name":"Aviso Legal"}]},{"@type":"WebSite","@id":"https:\/\/www.qurare.eu\/#website","url":"https:\/\/www.qurare.eu\/","name":"Qurare Human Well-Being","description":"Bienestar, cuidado y conocimiento para tu vida","publisher":{"@id":"https:\/\/www.qurare.eu\/#organization"},"potentialAction":[{"@type":"SearchAction","target":{"@type":"EntryPoint","urlTemplate":"https:\/\/www.qurare.eu\/?s={search_term_string}"},"query-input":{"@type":"PropertyValueSpecification","valueRequired":true,"valueName":"search_term_string"}}],"inLanguage":"en-GB"},{"@type":"Organization","@id":"https:\/\/www.qurare.eu\/#organization","name":"Qurare Human Well-Being","url":"https:\/\/www.qurare.eu\/","logo":{"@type":"ImageObject","inLanguage":"en-GB","@id":"https:\/\/www.qurare.eu\/#\/schema\/logo\/image\/","url":"https:\/\/www.qurare.eu\/wp-content\/uploads\/2025\/01\/logo.png","contentUrl":"https:\/\/www.qurare.eu\/wp-content\/uploads\/2025\/01\/logo.png","width":379,"height":148,"caption":"Qurare Human Well-Being"},"image":{"@id":"https:\/\/www.qurare.eu\/#\/schema\/logo\/image\/"}}]}},"_links":{"self":[{"href":"https:\/\/www.qurare.eu\/en\/wp-json\/wp\/v2\/pages\/1754","targetHints":{"allow":["GET"]}}],"collection":[{"href":"https:\/\/www.qurare.eu\/en\/wp-json\/wp\/v2\/pages"}],"about":[{"href":"https:\/\/www.qurare.eu\/en\/wp-json\/wp\/v2\/types\/page"}],"author":[{"embeddable":true,"href":"https:\/\/www.qurare.eu\/en\/wp-json\/wp\/v2\/users\/2"}],"replies":[{"embeddable":true,"href":"https:\/\/www.qurare.eu\/en\/wp-json\/wp\/v2\/comments?post=1754"}],"version-history":[{"count":4,"href":"https:\/\/www.qurare.eu\/en\/wp-json\/wp\/v2\/pages\/1754\/revisions"}],"predecessor-version":[{"id":1758,"href":"https:\/\/www.qurare.eu\/en\/wp-json\/wp\/v2\/pages\/1754\/revisions\/1758"}],"wp:attachment":[{"href":"https:\/\/www.qurare.eu\/en\/wp-json\/wp\/v2\/media?parent=1754"}],"curies":[{"name":"wp","href":"https:\/\/api.w.org\/{rel}","templated":true}]}}