{"id":799,"date":"2025-01-10T16:22:05","date_gmt":"2025-01-10T15:22:05","guid":{"rendered":"https:\/\/gptq3.probar.com.es\/?page_id=799"},"modified":"2025-02-07T11:09:15","modified_gmt":"2025-02-07T10:09:15","slug":"contacta-con-nosotros","status":"publish","type":"page","link":"https:\/\/www.qurare.eu\/en\/contacta-con-nosotros\/","title":{"rendered":"Contact"},"content":{"rendered":"\t\t<div data-elementor-type=\"wp-page\" data-elementor-id=\"799\" class=\"elementor elementor-799\" data-elementor-post-type=\"page\">\n\t\t\t\t<div class=\"elementor-element elementor-element-ad39ddc e-con-full e-flex e-con e-parent\" data-id=\"ad39ddc\" data-element_type=\"container\">\n\t\t<div class=\"elementor-element elementor-element-10e335d e-con-full e-flex e-con e-child\" data-id=\"10e335d\" data-element_type=\"container\" data-settings=\"{&quot;background_background&quot;:&quot;classic&quot;}\">\n\t\t<div class=\"elementor-element elementor-element-6299c7e e-con-full e-flex e-con e-child\" data-id=\"6299c7e\" data-element_type=\"container\">\n\t\t<div class=\"elementor-element elementor-element-71dfb0b e-con-full e-flex e-con e-child\" data-id=\"71dfb0b\" data-element_type=\"container\">\n\t\t\t\t<div class=\"elementor-element elementor-element-e4996b3 elementor-widget__width-initial elementor-invisible elementor-widget elementor-widget-heading\" data-id=\"e4996b3\" data-element_type=\"widget\" data-settings=\"{&quot;_animation&quot;:&quot;fadeInDown&quot;,&quot;_animation_delay&quot;:200}\" data-widget_type=\"heading.default\">\n\t\t\t\t<div class=\"elementor-widget-container\">\n\t\t\t\t\t<h2 class=\"elementor-heading-title elementor-size-default\">Contacta con nosotros<\/h2>\t\t\t\t<\/div>\n\t\t\t\t<\/div>\n\t\t\t\t<\/div>\n\t\t<div class=\"elementor-element elementor-element-ee2a75a e-con-full animated-slow e-flex elementor-invisible e-con e-child\" data-id=\"ee2a75a\" data-element_type=\"container\" data-settings=\"{&quot;animation&quot;:&quot;fadeInLeft&quot;,&quot;animation_delay&quot;:600}\">\n\t\t\t\t<div class=\"elementor-element elementor-element-de82230 elementor-widget__width-initial elementor-widget elementor-widget-text-editor\" data-id=\"de82230\" data-element_type=\"widget\" data-widget_type=\"text-editor.default\">\n\t\t\t\t<div class=\"elementor-widget-container\">\n\t\t\t\t\t\t\t\t\t<p>Gracias por tu confianza para que podamos poner a tu disposici\u00f3n toda la informaci\u00f3n que estamos recabando y actualizando sobre el Bienestar Humano. Por favor completa el siguiente formulario de inscripci\u00f3n. La informaci\u00f3n recabada en este formulario esta sujeta de forma estricta a la normativa y est\u00e1ndares de protecci\u00f3n de datos y confidencialidad.<\/p>\t\t\t\t\t\t\t\t<\/div>\n\t\t\t\t<\/div>\n\t\t\t\t<\/div>\n\t\t<div class=\"elementor-element elementor-element-b9e4cc5 e-con-full e-flex e-con e-child\" data-id=\"b9e4cc5\" data-element_type=\"container\">\n\t\t\t\t<\/div>\n\t\t\t\t<\/div>\n\t\t<div class=\"elementor-element elementor-element-3e54f9e e-con-full e-flex elementor-invisible e-con e-child\" data-id=\"3e54f9e\" data-element_type=\"container\" data-settings=\"{&quot;motion_fx_motion_fx_scrolling&quot;:&quot;yes&quot;,&quot;animation&quot;:&quot;fadeInUp&quot;,&quot;animation_delay&quot;:1000,&quot;motion_fx_translateY_effect&quot;:&quot;yes&quot;,&quot;motion_fx_devices&quot;:[&quot;desktop&quot;,&quot;laptop&quot;],&quot;motion_fx_translateY_speed&quot;:{&quot;unit&quot;:&quot;px&quot;,&quot;size&quot;:4,&quot;sizes&quot;:[]},&quot;motion_fx_translateY_affectedRange&quot;:{&quot;unit&quot;:&quot;%&quot;,&quot;size&quot;:&quot;&quot;,&quot;sizes&quot;:{&quot;start&quot;:0,&quot;end&quot;:100}}}\">\n\t\t\t\t<div class=\"elementor-element elementor-element-1046fc3 elementor-widget elementor-widget-image\" data-id=\"1046fc3\" data-element_type=\"widget\" data-widget_type=\"image.default\">\n\t\t\t\t<div class=\"elementor-widget-container\">\n\t\t\t\t\t\t\t\t\t\t\t\t\t\t\t<img fetchpriority=\"high\" decoding=\"async\" width=\"1069\" height=\"602\" src=\"https:\/\/www.qurare.eu\/wp-content\/uploads\/2025\/02\/business-couple.jpg\" class=\"attachment-full size-full wp-image-1699\" alt=\"Hombre y mujer de negocios\" srcset=\"https:\/\/www.qurare.eu\/wp-content\/uploads\/2025\/02\/business-couple.jpg 1069w, https:\/\/www.qurare.eu\/wp-content\/uploads\/2025\/02\/business-couple-300x169.jpg 300w, https:\/\/www.qurare.eu\/wp-content\/uploads\/2025\/02\/business-couple-1024x577.jpg 1024w, https:\/\/www.qurare.eu\/wp-content\/uploads\/2025\/02\/business-couple-768x432.jpg 768w, https:\/\/www.qurare.eu\/wp-content\/uploads\/2025\/02\/business-couple-18x10.jpg 18w\" sizes=\"(max-width: 1069px) 100vw, 1069px\" \/>\t\t\t\t\t\t\t\t\t\t\t\t\t\t\t<\/div>\n\t\t\t\t<\/div>\n\t\t\t\t<\/div>\n\t\t\t\t<\/div>\n\t\t<div class=\"elementor-element elementor-element-799ef33 e-con-full animated-slow e-flex elementor-invisible e-con e-child\" data-id=\"799ef33\" data-element_type=\"container\" data-settings=\"{&quot;background_background&quot;:&quot;classic&quot;,&quot;animation&quot;:&quot;slideInRight&quot;}\">\n\t\t\t\t<\/div>\n\t\t\t\t<\/div>\n\t\t<div class=\"elementor-element elementor-element-792915d e-con-full e-flex e-con e-parent\" data-id=\"792915d\" data-element_type=\"container\" data-settings=\"{&quot;background_background&quot;:&quot;classic&quot;}\">\n\t\t<div class=\"elementor-element elementor-element-07d20a1 e-con-full e-flex e-con e-child\" data-id=\"07d20a1\" data-element_type=\"container\">\n\t\t<div class=\"elementor-element elementor-element-7544f15 e-con-full e-flex elementor-invisible e-con e-child\" data-id=\"7544f15\" data-element_type=\"container\" data-settings=\"{&quot;animation&quot;:&quot;fadeInUp&quot;}\">\n\t\t\t\t<div class=\"elementor-element elementor-element-ee5de83 elementor-widget elementor-widget-text-editor\" data-id=\"ee5de83\" data-element_type=\"widget\" data-widget_type=\"text-editor.default\">\n\t\t\t\t<div class=\"elementor-widget-container\">\n\t\t\t\t\t\t\t\t\tReg\u00edstrate y recibe la Gu\u00eda sobre el Bienestar Humano\t\t\t\t\t\t\t\t<\/div>\n\t\t\t\t<\/div>\n\t\t\t\t<\/div>\n\t\t\t\t<div class=\"elementor-element elementor-element-7c632ce elementor-button-align-start elementor-invisible elementor-widget elementor-widget-form\" data-id=\"7c632ce\" data-element_type=\"widget\" data-settings=\"{&quot;step_next_label&quot;:&quot;Next&quot;,&quot;step_previous_label&quot;:&quot;Previous&quot;,&quot;_animation&quot;:&quot;fadeInUp&quot;,&quot;button_width&quot;:&quot;100&quot;,&quot;step_type&quot;:&quot;number_text&quot;,&quot;step_icon_shape&quot;:&quot;circle&quot;}\" data-widget_type=\"form.default\">\n\t\t\t\t<div class=\"elementor-widget-container\">\n\t\t\t\t\t\t\t<form class=\"elementor-form\" method=\"post\" name=\"New Form\" aria-label=\"New Form\">\n\t\t\t<input type=\"hidden\" name=\"post_id\" value=\"799\"\/>\n\t\t\t<input type=\"hidden\" name=\"form_id\" value=\"7c632ce\"\/>\n\t\t\t<input type=\"hidden\" name=\"referer_title\" value=\"Contacta con nosotros - Qurare Human Well-Being\" \/>\n\n\t\t\t\t\t\t\t<input type=\"hidden\" name=\"queried_id\" value=\"799\"\/>\n\t\t\t\n\t\t\t<div class=\"elementor-form-fields-wrapper elementor-labels-\">\n\t\t\t\t\t\t\t\t<div class=\"elementor-field-type-text elementor-field-group elementor-column elementor-field-group-name elementor-col-50\">\n\t\t\t\t\t\t\t\t\t\t\t\t<label for=\"form-field-name\" class=\"elementor-field-label elementor-screen-only\">\n\t\t\t\t\t\t\t\tNombre\t\t\t\t\t\t\t<\/label>\n\t\t\t\t\t\t\t\t\t\t\t\t\t\t<input size=\"1\" type=\"text\" name=\"form_fields[name]\" id=\"form-field-name\" class=\"elementor-field elementor-size-md  elementor-field-textual\" placeholder=\"Nombre\">\n\t\t\t\t\t\t\t\t\t\t\t<\/div>\n\t\t\t\t\t\t\t\t<div class=\"elementor-field-type-text elementor-field-group elementor-column elementor-field-group-email elementor-col-50 elementor-field-required\">\n\t\t\t\t\t\t\t\t\t\t\t\t<label for=\"form-field-email\" class=\"elementor-field-label elementor-screen-only\">\n\t\t\t\t\t\t\t\tApellidos\t\t\t\t\t\t\t<\/label>\n\t\t\t\t\t\t\t\t\t\t\t\t\t\t<input size=\"1\" type=\"text\" name=\"form_fields[email]\" id=\"form-field-email\" class=\"elementor-field elementor-size-md  elementor-field-textual\" placeholder=\"Apellidos\" required=\"required\">\n\t\t\t\t\t\t\t\t\t\t\t<\/div>\n\t\t\t\t\t\t\t\t<div class=\"elementor-field-type-text elementor-field-group elementor-column elementor-field-group-field_164f1d4 elementor-col-50 elementor-field-required\">\n\t\t\t\t\t\t\t\t\t\t\t\t<label for=\"form-field-field_164f1d4\" class=\"elementor-field-label elementor-screen-only\">\n\t\t\t\t\t\t\t\tFecha de nacimiento\t\t\t\t\t\t\t<\/label>\n\t\t\t\t\t\t\t\t\t\t\t\t\t\t<input size=\"1\" type=\"text\" name=\"form_fields[field_164f1d4]\" id=\"form-field-field_164f1d4\" class=\"elementor-field elementor-size-md  elementor-field-textual\" placeholder=\"Fecha de nacimiento\" required=\"required\">\n\t\t\t\t\t\t\t\t\t\t\t<\/div>\n\t\t\t\t\t\t\t\t<div class=\"elementor-field-type-email elementor-field-group elementor-column elementor-field-group-field_8840a46 elementor-col-50 elementor-field-required\">\n\t\t\t\t\t\t\t\t\t\t\t\t<label for=\"form-field-field_8840a46\" class=\"elementor-field-label elementor-screen-only\">\n\t\t\t\t\t\t\t\te-mail\t\t\t\t\t\t\t<\/label>\n\t\t\t\t\t\t\t\t\t\t\t\t\t\t<input size=\"1\" type=\"email\" name=\"form_fields[field_8840a46]\" id=\"form-field-field_8840a46\" class=\"elementor-field elementor-size-md  elementor-field-textual\" placeholder=\"e-mail\" required=\"required\">\n\t\t\t\t\t\t\t\t\t\t\t<\/div>\n\t\t\t\t\t\t\t\t<div class=\"elementor-field-type-text elementor-field-group elementor-column elementor-field-group-field_c494f05 elementor-col-50 elementor-field-required\">\n\t\t\t\t\t\t\t\t\t\t\t\t<label for=\"form-field-field_c494f05\" class=\"elementor-field-label elementor-screen-only\">\n\t\t\t\t\t\t\t\tTel\u00e9fono\t\t\t\t\t\t\t<\/label>\n\t\t\t\t\t\t\t\t\t\t\t\t\t\t<input size=\"1\" type=\"text\" name=\"form_fields[field_c494f05]\" id=\"form-field-field_c494f05\" class=\"elementor-field elementor-size-md  elementor-field-textual\" placeholder=\"Tel\u00e9fono\" required=\"required\">\n\t\t\t\t\t\t\t\t\t\t\t<\/div>\n\t\t\t\t\t\t\t\t<div class=\"elementor-field-type-text elementor-field-group elementor-column elementor-field-group-field_ff665a8 elementor-col-50 elementor-field-required\">\n\t\t\t\t\t\t\t\t\t\t\t\t<label for=\"form-field-field_ff665a8\" class=\"elementor-field-label elementor-screen-only\">\n\t\t\t\t\t\t\t\tMunicipio\t\t\t\t\t\t\t<\/label>\n\t\t\t\t\t\t\t\t\t\t\t\t\t\t<input size=\"1\" type=\"text\" name=\"form_fields[field_ff665a8]\" id=\"form-field-field_ff665a8\" class=\"elementor-field elementor-size-md  elementor-field-textual\" placeholder=\"Municipio\" required=\"required\">\n\t\t\t\t\t\t\t\t\t\t\t<\/div>\n\t\t\t\t\t\t\t\t<div class=\"elementor-field-type-text elementor-field-group elementor-column elementor-field-group-field_b05250e elementor-col-50 elementor-field-required\">\n\t\t\t\t\t\t\t\t\t\t\t\t<label for=\"form-field-field_b05250e\" class=\"elementor-field-label elementor-screen-only\">\n\t\t\t\t\t\t\t\tC\u00f3digo Postal\t\t\t\t\t\t\t<\/label>\n\t\t\t\t\t\t\t\t\t\t\t\t\t\t<input size=\"1\" type=\"text\" name=\"form_fields[field_b05250e]\" id=\"form-field-field_b05250e\" class=\"elementor-field elementor-size-md  elementor-field-textual\" placeholder=\"C\u00f3digo Postal\" required=\"required\">\n\t\t\t\t\t\t\t\t\t\t\t<\/div>\n\t\t\t\t\t\t\t\t<div class=\"elementor-field-type-text elementor-field-group elementor-column elementor-field-group-field_80b22d1 elementor-col-50 elementor-field-required\">\n\t\t\t\t\t\t\t\t\t\t\t\t<label for=\"form-field-field_80b22d1\" class=\"elementor-field-label elementor-screen-only\">\n\t\t\t\t\t\t\t\tPa\u00eds\t\t\t\t\t\t\t<\/label>\n\t\t\t\t\t\t\t\t\t\t\t\t\t\t<input size=\"1\" type=\"text\" name=\"form_fields[field_80b22d1]\" id=\"form-field-field_80b22d1\" class=\"elementor-field elementor-size-md  elementor-field-textual\" placeholder=\"Pa\u00eds\" required=\"required\">\n\t\t\t\t\t\t\t\t\t\t\t<\/div>\n\t\t\t\t\t\t\t\t<div class=\"elementor-field-type-textarea elementor-field-group elementor-column elementor-field-group-message elementor-col-100\">\n\t\t\t\t\t\t\t\t\t\t\t\t<label for=\"form-field-message\" class=\"elementor-field-label elementor-screen-only\">\n\t\t\t\t\t\t\t\t\u00bfEn qu\u00e9 \u00e1reas est\u00e1s m\u00e1s interesado?\t\t\t\t\t\t\t<\/label>\n\t\t\t\t\t\t<textarea class=\"elementor-field-textual elementor-field  elementor-size-md\" name=\"form_fields[message]\" id=\"form-field-message\" rows=\"4\" placeholder=\"\u00bfEn qu\u00e9 \u00e1reas est\u00e1s m\u00e1s interesado?\"><\/textarea>\t\t\t\t<\/div>\n\t\t\t\t\t\t\t\t<div class=\"elementor-field-type-textarea elementor-field-group elementor-column elementor-field-group-field_3ff7b1c elementor-col-100\">\n\t\t\t\t\t\t\t\t\t\t\t\t<label for=\"form-field-field_3ff7b1c\" class=\"elementor-field-label elementor-screen-only\">\n\t\t\t\t\t\t\t\t\u00bfTienes alguna sugerencia?\t\t\t\t\t\t\t<\/label>\n\t\t\t\t\t\t<textarea class=\"elementor-field-textual elementor-field  elementor-size-md\" name=\"form_fields[field_3ff7b1c]\" id=\"form-field-field_3ff7b1c\" rows=\"4\" placeholder=\"\u00bfTienes alguna sugerencia?\"><\/textarea>\t\t\t\t<\/div>\n\t\t\t\t\t\t\t\t<div class=\"elementor-field-type-acceptance elementor-field-group elementor-column elementor-field-group-field_83ee5a5 elementor-col-100 elementor-field-required\">\n\t\t\t\t\t\t\t\t\t\t\t\t<label for=\"form-field-field_83ee5a5\" class=\"elementor-field-label elementor-screen-only\">\n\t\t\t\t\t\t\t\tHe le\u00eddo y acepto la pol\u00edtica de privacidad\t\t\t\t\t\t\t<\/label>\n\t\t\t\t\t\t\t\t<div class=\"elementor-field-subgroup\">\n\t\t\t<span class=\"elementor-field-option\">\n\t\t\t\t<input type=\"checkbox\" name=\"form_fields[field_83ee5a5]\" id=\"form-field-field_83ee5a5\" class=\"elementor-field elementor-size-md  elementor-acceptance-field\" required=\"required\">\n\t\t\t\t<label for=\"form-field-field_83ee5a5\">He le\u00eddo y acepto la pol\u00edtica de privacidad<\/label>\t\t\t<\/span>\n\t\t<\/div>\n\t\t\t\t\t\t<\/div>\n\t\t\t\t\t\t\t\t<div class=\"elementor-field-group elementor-column elementor-field-type-submit elementor-col-100 e-form__buttons\">\n\t\t\t\t\t<button class=\"elementor-button elementor-size-sm\" type=\"submit\">\n\t\t\t\t\t\t<span class=\"elementor-button-content-wrapper\">\n\t\t\t\t\t\t\t\t\t\t\t\t\t\t\t\t\t\t\t\t\t\t<span class=\"elementor-button-text\">Enviar<\/span>\n\t\t\t\t\t\t\t\t\t\t\t\t\t<\/span>\n\t\t\t\t\t<\/button>\n\t\t\t\t<\/div>\n\t\t\t<\/div>\n\t\t<\/form>\n\t\t\t\t\t\t<\/div>\n\t\t\t\t<\/div>\n\t\t\t\t<\/div>\n\t\t\t\t<\/div>\n\t\t\t\t<\/div>\n\t\t","protected":false},"excerpt":{"rendered":"<p>Contacta con nosotros Gracias por tu confianza para que podamos poner a tu disposici\u00f3n toda la informaci\u00f3n que estamos recabando y actualizando sobre el Bienestar Humano. Por favor completa el siguiente formulario de inscripci\u00f3n. La informaci\u00f3n recabada en este formulario esta sujeta de forma estricta a la normativa y est\u00e1ndares de protecci\u00f3n de datos y [&hellip;]<\/p>\n","protected":false},"author":2,"featured_media":812,"parent":0,"menu_order":0,"comment_status":"closed","ping_status":"closed","template":"","meta":{"_monsterinsights_skip_tracking":false,"_monsterinsights_sitenote_active":false,"_monsterinsights_sitenote_note":"","_monsterinsights_sitenote_category":0,"footnotes":""},"class_list":["post-799","page","type-page","status-publish","has-post-thumbnail","hentry"],"yoast_head":"<!-- This site is optimized with the Yoast SEO plugin v27.5 - https:\/\/yoast.com\/product\/yoast-seo-wordpress\/ -->\n<title>Contacta con nosotros - Qurare Human Well-Being<\/title>\n<meta name=\"description\" content=\"Gracias por tu confianza para que podamos poner a tu disposici\u00f3n toda la informaci\u00f3n que estamos recabando sobre el Bienestar Humano.\" \/>\n<meta name=\"robots\" content=\"index, follow, max-snippet:-1, max-image-preview:large, max-video-preview:-1\" \/>\n<link rel=\"canonical\" href=\"https:\/\/www.qurare.eu\/en\/contacta-con-nosotros\/\" \/>\n<meta property=\"og:locale\" content=\"en_GB\" \/>\n<meta property=\"og:type\" content=\"article\" \/>\n<meta property=\"og:title\" content=\"Contacta con nosotros - Qurare Human Well-Being\" \/>\n<meta property=\"og:description\" content=\"Gracias por tu confianza para que podamos poner a tu disposici\u00f3n toda la informaci\u00f3n que estamos recabando sobre el Bienestar Humano.\" \/>\n<meta property=\"og:url\" content=\"https:\/\/www.qurare.eu\/en\/contacta-con-nosotros\/\" \/>\n<meta property=\"og:site_name\" content=\"Qurare Human Well-Being\" \/>\n<meta property=\"article:modified_time\" content=\"2025-02-07T10:09:15+00:00\" \/>\n<meta property=\"og:image\" content=\"https:\/\/www.qurare.eu\/wp-content\/uploads\/2025\/01\/formualrio-big.jpg\" \/>\n\t<meta property=\"og:image:width\" content=\"1097\" \/>\n\t<meta property=\"og:image:height\" content=\"1179\" \/>\n\t<meta property=\"og:image:type\" content=\"image\/jpeg\" \/>\n<meta name=\"twitter:card\" content=\"summary_large_image\" \/>\n<meta name=\"twitter:title\" content=\"Contacta con nosotros - Qurare Human Well-Being\" \/>\n<meta name=\"twitter:description\" content=\"Gracias por tu confianza para que podamos poner a tu disposici\u00f3n toda la informaci\u00f3n que estamos recabando sobre el Bienestar Humano.\" \/>\n<meta name=\"twitter:image\" content=\"https:\/\/www.qurare.eu\/wp-content\/uploads\/2025\/01\/formualrio-big.jpg\" \/>\n<meta name=\"twitter:label1\" content=\"Estimated reading time\" \/>\n\t<meta name=\"twitter:data1\" content=\"1 minute\" \/>\n<script type=\"application\/ld+json\" class=\"yoast-schema-graph\">{\"@context\":\"https:\\\/\\\/schema.org\",\"@graph\":[{\"@type\":\"WebPage\",\"@id\":\"https:\\\/\\\/www.qurare.eu\\\/contacta-con-nosotros\\\/\",\"url\":\"https:\\\/\\\/www.qurare.eu\\\/contacta-con-nosotros\\\/\",\"name\":\"Contacta con nosotros - Qurare Human Well-Being\",\"isPartOf\":{\"@id\":\"https:\\\/\\\/www.qurare.eu\\\/#website\"},\"primaryImageOfPage\":{\"@id\":\"https:\\\/\\\/www.qurare.eu\\\/contacta-con-nosotros\\\/#primaryimage\"},\"image\":{\"@id\":\"https:\\\/\\\/www.qurare.eu\\\/contacta-con-nosotros\\\/#primaryimage\"},\"thumbnailUrl\":\"https:\\\/\\\/www.qurare.eu\\\/wp-content\\\/uploads\\\/2025\\\/01\\\/formualrio-big.jpg\",\"datePublished\":\"2025-01-10T15:22:05+00:00\",\"dateModified\":\"2025-02-07T10:09:15+00:00\",\"description\":\"Gracias por tu confianza para que podamos poner a tu disposici\u00f3n toda la informaci\u00f3n que estamos recabando sobre el Bienestar Humano.\",\"breadcrumb\":{\"@id\":\"https:\\\/\\\/www.qurare.eu\\\/contacta-con-nosotros\\\/#breadcrumb\"},\"inLanguage\":\"en-GB\",\"potentialAction\":[{\"@type\":\"ReadAction\",\"target\":[\"https:\\\/\\\/www.qurare.eu\\\/contacta-con-nosotros\\\/\"]}]},{\"@type\":\"ImageObject\",\"inLanguage\":\"en-GB\",\"@id\":\"https:\\\/\\\/www.qurare.eu\\\/contacta-con-nosotros\\\/#primaryimage\",\"url\":\"https:\\\/\\\/www.qurare.eu\\\/wp-content\\\/uploads\\\/2025\\\/01\\\/formualrio-big.jpg\",\"contentUrl\":\"https:\\\/\\\/www.qurare.eu\\\/wp-content\\\/uploads\\\/2025\\\/01\\\/formualrio-big.jpg\",\"width\":1097,\"height\":1179},{\"@type\":\"BreadcrumbList\",\"@id\":\"https:\\\/\\\/www.qurare.eu\\\/contacta-con-nosotros\\\/#breadcrumb\",\"itemListElement\":[{\"@type\":\"ListItem\",\"position\":1,\"name\":\"Portada\",\"item\":\"https:\\\/\\\/www.qurare.eu\\\/\"},{\"@type\":\"ListItem\",\"position\":2,\"name\":\"Contacto\"}]},{\"@type\":\"WebSite\",\"@id\":\"https:\\\/\\\/www.qurare.eu\\\/#website\",\"url\":\"https:\\\/\\\/www.qurare.eu\\\/\",\"name\":\"Qurare Human Well-Being\",\"description\":\"Bienestar, cuidado y conocimiento para tu vida\",\"publisher\":{\"@id\":\"https:\\\/\\\/www.qurare.eu\\\/#organization\"},\"potentialAction\":[{\"@type\":\"SearchAction\",\"target\":{\"@type\":\"EntryPoint\",\"urlTemplate\":\"https:\\\/\\\/www.qurare.eu\\\/?s={search_term_string}\"},\"query-input\":{\"@type\":\"PropertyValueSpecification\",\"valueRequired\":true,\"valueName\":\"search_term_string\"}}],\"inLanguage\":\"en-GB\"},{\"@type\":\"Organization\",\"@id\":\"https:\\\/\\\/www.qurare.eu\\\/#organization\",\"name\":\"Qurare Human Well-Being\",\"url\":\"https:\\\/\\\/www.qurare.eu\\\/\",\"logo\":{\"@type\":\"ImageObject\",\"inLanguage\":\"en-GB\",\"@id\":\"https:\\\/\\\/www.qurare.eu\\\/#\\\/schema\\\/logo\\\/image\\\/\",\"url\":\"https:\\\/\\\/www.qurare.eu\\\/wp-content\\\/uploads\\\/2025\\\/01\\\/logo.png\",\"contentUrl\":\"https:\\\/\\\/www.qurare.eu\\\/wp-content\\\/uploads\\\/2025\\\/01\\\/logo.png\",\"width\":379,\"height\":148,\"caption\":\"Qurare Human Well-Being\"},\"image\":{\"@id\":\"https:\\\/\\\/www.qurare.eu\\\/#\\\/schema\\\/logo\\\/image\\\/\"}}]}<\/script>\n<!-- \/ Yoast SEO plugin. -->","yoast_head_json":{"title":"Contacta con nosotros - Qurare Human Well-Being","description":"Gracias por tu confianza para que podamos poner a tu disposici\u00f3n toda la informaci\u00f3n que estamos recabando sobre el Bienestar Humano.","robots":{"index":"index","follow":"follow","max-snippet":"max-snippet:-1","max-image-preview":"max-image-preview:large","max-video-preview":"max-video-preview:-1"},"canonical":"https:\/\/www.qurare.eu\/en\/contacta-con-nosotros\/","og_locale":"en_GB","og_type":"article","og_title":"Contacta con nosotros - Qurare Human Well-Being","og_description":"Gracias por tu confianza para que podamos poner a tu disposici\u00f3n toda la informaci\u00f3n que estamos recabando sobre el Bienestar Humano.","og_url":"https:\/\/www.qurare.eu\/en\/contacta-con-nosotros\/","og_site_name":"Qurare Human Well-Being","article_modified_time":"2025-02-07T10:09:15+00:00","og_image":[{"width":1097,"height":1179,"url":"https:\/\/www.qurare.eu\/wp-content\/uploads\/2025\/01\/formualrio-big.jpg","type":"image\/jpeg"}],"twitter_card":"summary_large_image","twitter_title":"Contacta con nosotros - Qurare Human Well-Being","twitter_description":"Gracias por tu confianza para que podamos poner a tu disposici\u00f3n toda la informaci\u00f3n que estamos recabando sobre el Bienestar Humano.","twitter_image":"https:\/\/www.qurare.eu\/wp-content\/uploads\/2025\/01\/formualrio-big.jpg","twitter_misc":{"Estimated reading time":"1 minute"},"schema":{"@context":"https:\/\/schema.org","@graph":[{"@type":"WebPage","@id":"https:\/\/www.qurare.eu\/contacta-con-nosotros\/","url":"https:\/\/www.qurare.eu\/contacta-con-nosotros\/","name":"Contacta con nosotros - Qurare Human Well-Being","isPartOf":{"@id":"https:\/\/www.qurare.eu\/#website"},"primaryImageOfPage":{"@id":"https:\/\/www.qurare.eu\/contacta-con-nosotros\/#primaryimage"},"image":{"@id":"https:\/\/www.qurare.eu\/contacta-con-nosotros\/#primaryimage"},"thumbnailUrl":"https:\/\/www.qurare.eu\/wp-content\/uploads\/2025\/01\/formualrio-big.jpg","datePublished":"2025-01-10T15:22:05+00:00","dateModified":"2025-02-07T10:09:15+00:00","description":"Gracias por tu confianza para que podamos poner a tu disposici\u00f3n toda la informaci\u00f3n que estamos recabando sobre el Bienestar Humano.","breadcrumb":{"@id":"https:\/\/www.qurare.eu\/contacta-con-nosotros\/#breadcrumb"},"inLanguage":"en-GB","potentialAction":[{"@type":"ReadAction","target":["https:\/\/www.qurare.eu\/contacta-con-nosotros\/"]}]},{"@type":"ImageObject","inLanguage":"en-GB","@id":"https:\/\/www.qurare.eu\/contacta-con-nosotros\/#primaryimage","url":"https:\/\/www.qurare.eu\/wp-content\/uploads\/2025\/01\/formualrio-big.jpg","contentUrl":"https:\/\/www.qurare.eu\/wp-content\/uploads\/2025\/01\/formualrio-big.jpg","width":1097,"height":1179},{"@type":"BreadcrumbList","@id":"https:\/\/www.qurare.eu\/contacta-con-nosotros\/#breadcrumb","itemListElement":[{"@type":"ListItem","position":1,"name":"Portada","item":"https:\/\/www.qurare.eu\/"},{"@type":"ListItem","position":2,"name":"Contacto"}]},{"@type":"WebSite","@id":"https:\/\/www.qurare.eu\/#website","url":"https:\/\/www.qurare.eu\/","name":"Qurare Human Well-Being","description":"Bienestar, cuidado y conocimiento para tu vida","publisher":{"@id":"https:\/\/www.qurare.eu\/#organization"},"potentialAction":[{"@type":"SearchAction","target":{"@type":"EntryPoint","urlTemplate":"https:\/\/www.qurare.eu\/?s={search_term_string}"},"query-input":{"@type":"PropertyValueSpecification","valueRequired":true,"valueName":"search_term_string"}}],"inLanguage":"en-GB"},{"@type":"Organization","@id":"https:\/\/www.qurare.eu\/#organization","name":"Qurare Human Well-Being","url":"https:\/\/www.qurare.eu\/","logo":{"@type":"ImageObject","inLanguage":"en-GB","@id":"https:\/\/www.qurare.eu\/#\/schema\/logo\/image\/","url":"https:\/\/www.qurare.eu\/wp-content\/uploads\/2025\/01\/logo.png","contentUrl":"https:\/\/www.qurare.eu\/wp-content\/uploads\/2025\/01\/logo.png","width":379,"height":148,"caption":"Qurare Human Well-Being"},"image":{"@id":"https:\/\/www.qurare.eu\/#\/schema\/logo\/image\/"}}]}},"_links":{"self":[{"href":"https:\/\/www.qurare.eu\/en\/wp-json\/wp\/v2\/pages\/799","targetHints":{"allow":["GET"]}}],"collection":[{"href":"https:\/\/www.qurare.eu\/en\/wp-json\/wp\/v2\/pages"}],"about":[{"href":"https:\/\/www.qurare.eu\/en\/wp-json\/wp\/v2\/types\/page"}],"author":[{"embeddable":true,"href":"https:\/\/www.qurare.eu\/en\/wp-json\/wp\/v2\/users\/2"}],"replies":[{"embeddable":true,"href":"https:\/\/www.qurare.eu\/en\/wp-json\/wp\/v2\/comments?post=799"}],"version-history":[{"count":97,"href":"https:\/\/www.qurare.eu\/en\/wp-json\/wp\/v2\/pages\/799\/revisions"}],"predecessor-version":[{"id":1704,"href":"https:\/\/www.qurare.eu\/en\/wp-json\/wp\/v2\/pages\/799\/revisions\/1704"}],"wp:featuredmedia":[{"embeddable":true,"href":"https:\/\/www.qurare.eu\/en\/wp-json\/wp\/v2\/media\/812"}],"wp:attachment":[{"href":"https:\/\/www.qurare.eu\/en\/wp-json\/wp\/v2\/media?parent=799"}],"curies":[{"name":"wp","href":"https:\/\/api.w.org\/{rel}","templated":true}]}}